{"id":1111,"date":"2024-05-21T10:12:13","date_gmt":"2024-05-21T14:12:13","guid":{"rendered":"https:\/\/www.iceboxstudio.com\/IS\/?page_id=1111"},"modified":"2024-05-22T09:34:21","modified_gmt":"2024-05-22T13:34:21","slug":"mmi-111a-voices-from-the-flow-project","status":"publish","type":"page","link":"https:\/\/www.iceboxstudio.com\/IS\/podcast\/mmi-111a-voices-from-the-flow-project\/","title":{"rendered":"MMI 112 &#8211; Voices from the FLOW Project"},"content":{"rendered":"<p><div class=\"fusion-fullwidth fullwidth-box fusion-builder-row-1 fusion-flex-container nonhundred-percent-fullwidth non-hundred-percent-height-scrolling\" style=\"--awb-border-radius-top-left:0px;--awb-border-radius-top-right:0px;--awb-border-radius-bottom-right:0px;--awb-border-radius-bottom-left:0px;--awb-flex-wrap:wrap;\" ><div class=\"fusion-builder-row fusion-row fusion-flex-align-items-flex-start fusion-flex-content-wrap\" style=\"max-width:1248px;margin-left: calc(-4% \/ 2 );margin-right: calc(-4% \/ 2 );\"><div class=\"fusion-layout-column fusion_builder_column fusion-builder-column-0 fusion_builder_column_1_1 1_1 fusion-flex-column\" style=\"--awb-bg-size:cover;--awb-width-large:100%;--awb-margin-top-large:-60px;--awb-spacing-right-large:1.92%;--awb-margin-bottom-large:0px;--awb-spacing-left-large:1.92%;--awb-width-medium:100%;--awb-order-medium:0;--awb-spacing-right-medium:1.92%;--awb-spacing-left-medium:1.92%;--awb-width-small:100%;--awb-order-small:0;--awb-spacing-right-small:1.92%;--awb-spacing-left-small:1.92%;\" data-scroll-devices=\"small-visibility,medium-visibility,large-visibility\"><div class=\"fusion-column-wrapper fusion-column-has-shadow fusion-flex-justify-content-flex-start fusion-content-layout-column\"><div class=\"fusion-title title fusion-title-1 fusion-sep-none fusion-title-text fusion-title-size-two\" style=\"--awb-margin-bottom:-20px;--awb-margin-top-small:10px;--awb-margin-right-small:0px;--awb-margin-bottom-small:10px;--awb-margin-left-small:0px;\"><h2 class=\"fusion-title-heading title-heading-left\" style=\"font-family:var(--awb-typography1-font-family);font-weight:var(--awb-typography1-font-weight);font-style:var(--awb-typography1-font-style);margin:0;\"><h2><span style=\"font-size: 28px;\" data-fusion-font=\"true\"><span style=\"font-size: 28px;\" data-fusion-font=\"true\">Making a Meal of It \u2014 episode 112: Voices from the FLOW Project<br \/><\/span><\/span><\/h2><\/h2><\/div><\/div><\/div><div class=\"fusion-layout-column fusion_builder_column fusion-builder-column-1 fusion_builder_column_1_4 1_4 fusion-flex-column\" style=\"--awb-bg-blend:overlay;--awb-bg-size:cover;--awb-width-large:25%;--awb-margin-top-large:-20px;--awb-spacing-right-large:0%;--awb-margin-bottom-large:0px;--awb-spacing-left-large:7.68%;--awb-width-medium:25%;--awb-spacing-right-medium:0%;--awb-spacing-left-medium:7.68%;--awb-width-small:100%;--awb-spacing-right-small:1.92%;--awb-spacing-left-small:1.92%;\"><div class=\"fusion-column-wrapper fusion-flex-justify-content-flex-start fusion-content-layout-column\"><div class=\"fusion-image-element \" style=\"text-align:left;--awb-aspect-ratio:1 \/ 1;--awb-margin-bottom:20px;--awb-caption-title-font-family:var(--h4_typography-font-family);--awb-caption-title-font-weight:var(--h4_typography-font-weight);--awb-caption-title-font-style:var(--h4_typography-font-style);--awb-caption-title-size:var(--h4_typography-font-size);--awb-caption-title-transform:var(--h4_typography-text-transform);--awb-caption-title-line-height:var(--h4_typography-line-height);--awb-caption-title-letter-spacing:var(--h4_typography-letter-spacing);\"><span class=\" fusion-imageframe imageframe-none imageframe-1 hover-type-none has-aspect-ratio\"><a class=\"fusion-no-lightbox\" href=\"https:\/\/www.iceboxstudio.com\/IS\/podcast\/\" target=\"_self\" aria-label=\"podcast cover image_500x500\"><img data-recalc-dims=\"1\" decoding=\"async\" width=\"500\" height=\"500\" src=\"https:\/\/i0.wp.com\/www.iceboxstudio.com\/IS\/wp-content\/uploads\/2024\/02\/podcast-cover-image_500x500.png?resize=500%2C500&#038;ssl=1\" class=\"img-responsive wp-image-892 img-with-aspect-ratio\" data-parent-fit=\"cover\" data-parent-container=\".fusion-image-element\" alt srcset=\"https:\/\/i0.wp.com\/www.iceboxstudio.com\/IS\/wp-content\/uploads\/2024\/02\/podcast-cover-image_500x500.png?resize=66%2C66&amp;ssl=1 66w, https:\/\/i0.wp.com\/www.iceboxstudio.com\/IS\/wp-content\/uploads\/2024\/02\/podcast-cover-image_500x500.png?resize=150%2C150&amp;ssl=1 150w, https:\/\/i0.wp.com\/www.iceboxstudio.com\/IS\/wp-content\/uploads\/2024\/02\/podcast-cover-image_500x500.png?resize=200%2C200&amp;ssl=1 200w, https:\/\/i0.wp.com\/www.iceboxstudio.com\/IS\/wp-content\/uploads\/2024\/02\/podcast-cover-image_500x500.png?resize=300%2C300&amp;ssl=1 300w, https:\/\/i0.wp.com\/www.iceboxstudio.com\/IS\/wp-content\/uploads\/2024\/02\/podcast-cover-image_500x500.png?resize=400%2C400&amp;ssl=1 400w, https:\/\/i0.wp.com\/www.iceboxstudio.com\/IS\/wp-content\/uploads\/2024\/02\/podcast-cover-image_500x500.png?w=500&amp;ssl=1 500w\" sizes=\"(max-width: 640px) 100vw, 400px\" \/><\/a><\/span><\/div><\/div><\/div><div class=\"fusion-layout-column fusion_builder_column fusion-builder-column-2 fusion_builder_column_3_4 3_4 fusion-flex-column\" style=\"--awb-padding-right:30px;--awb-padding-left:30px;--awb-bg-size:cover;--awb-width-large:75%;--awb-margin-top-large:-30px;--awb-spacing-right-large:0%;--awb-margin-bottom-large:;--awb-spacing-left-large:0%;--awb-width-medium:75%;--awb-order-medium:0;--awb-spacing-right-medium:0%;--awb-spacing-left-medium:0%;--awb-width-small:100%;--awb-order-small:0;--awb-spacing-right-small:1.92%;--awb-spacing-left-small:1.92%;\" data-scroll-devices=\"small-visibility,medium-visibility,large-visibility\"><div class=\"fusion-column-wrapper fusion-column-has-shadow fusion-flex-justify-content-flex-start fusion-content-layout-column\"><div class=\"fusion-text fusion-text-1\" style=\"--awb-font-size:18px;--awb-line-height:1.5;--awb-letter-spacing:var(--awb-typography4-letter-spacing);--awb-text-transform:var(--awb-typography4-text-transform);--awb-text-color:#7c501a;--awb-text-font-family:var(--awb-typography4-font-family);--awb-text-font-weight:var(--awb-typography4-font-weight);--awb-text-font-style:var(--awb-typography4-font-style);\"><\/p>\n<p>This special episode of <em>Making a Meal of It<\/em> features 11 short conversations with participants in the FLOW Partnership, a seven-year international food systems research project. The full team met in Montreal in mid-May 2024 to share their progress, plan future research activities, and discuss ways to enable their work to transform food production, policies, and attitudes. Next week\u2019s episode returns to the usual format, but for now, have a listen to the many ways that food, food culture, and food systems are both different and similar around the world.<\/p><\/p>\n<\/div><div class=\"fusion-audio fusion-audio-1\" style=\"--awb-progress-color:var(--awb-color6);--awb-border-color:var(--awb-color1);--awb-background-color:#4b8991;--awb-max-width:100%;--awb-margin-top:10px;--awb-margin-bottom:20px;--awb-border-size:1;--awb-border-top-left-radius:10;--awb-border-top-right-radius:10;--awb-border-bottom-right-radius:10;--awb-border-bottom-left-radius:10;\"><audio class=\"wp-audio-shortcode\" id=\"audio-1111-1\" preload=\"none\" style=\"width: 100%;\" controls=\"controls\"><source type=\"audio\/mpeg\" src=\"https:\/\/www.iceboxstudio.com\/IS\/wp-content\/uploads\/2024\/05\/MMI-ep112.mp3?_=1\" \/><a href=\"https:\/\/www.iceboxstudio.com\/IS\/wp-content\/uploads\/2024\/05\/MMI-ep112.mp3\">https:\/\/www.iceboxstudio.com\/IS\/wp-content\/uploads\/2024\/05\/MMI-ep112.mp3<\/a><\/audio><\/div><\/div><\/div><\/div><\/div><div class=\"fusion-fullwidth fullwidth-box fusion-builder-row-2 fusion-flex-container has-pattern-background has-mask-background nonhundred-percent-fullwidth non-hundred-percent-height-scrolling\" style=\"--link_hover_color: var(--awb-color6);--link_color: var(--awb-color5);--awb-border-radius-top-left:0px;--awb-border-radius-top-right:0px;--awb-border-radius-bottom-right:0px;--awb-border-radius-bottom-left:0px;--awb-padding-top:0px;--awb-margin-top:0px;--awb-background-image:linear-gradient(180deg, rgba(201,216,164,0.62) 0%,var(--awb-color2) 60%);--awb-flex-wrap:wrap;\" ><div class=\"fusion-builder-row fusion-row fusion-flex-align-items-flex-start fusion-flex-content-wrap\" style=\"max-width:1248px;margin-left: calc(-4% \/ 2 );margin-right: calc(-4% \/ 2 );\"><div class=\"fusion-layout-column fusion_builder_column fusion-builder-column-3 fusion_builder_column_1_1 1_1 fusion-flex-column\" style=\"--awb-padding-right:20px;--awb-padding-left:20px;--awb-bg-size:cover;--awb-width-large:100%;--awb-margin-top-large:10px;--awb-spacing-right-large:1.92%;--awb-margin-bottom-large:20px;--awb-spacing-left-large:1.92%;--awb-width-medium:100%;--awb-order-medium:0;--awb-spacing-right-medium:1.92%;--awb-spacing-left-medium:1.92%;--awb-width-small:100%;--awb-order-small:0;--awb-spacing-right-small:1.92%;--awb-spacing-left-small:1.92%;\"><div class=\"fusion-column-wrapper fusion-column-has-shadow fusion-flex-justify-content-flex-start fusion-content-layout-column\"><div class=\"fusion-title title fusion-title-2 fusion-title-center fusion-title-text fusion-title-size-three\" style=\"--awb-text-color:#4e4a7a;--awb-margin-bottom:0px;--awb-margin-top-small:10px;--awb-margin-right-small:0px;--awb-margin-bottom-small:10px;--awb-margin-left-small:0px;\"><div class=\"title-sep-container title-sep-container-left\"><div class=\"title-sep sep-double sep-solid\" style=\"border-color:var(--awb-color3);\"><\/div><\/div><span class=\"awb-title-spacer\"><\/span><h3 class=\"fusion-title-heading title-heading-center\" style=\"margin:0;\">notes<\/h3><span class=\"awb-title-spacer\"><\/span><div class=\"title-sep-container title-sep-container-right\"><div class=\"title-sep sep-double sep-solid\" style=\"border-color:var(--awb-color3);\"><\/div><\/div><\/div><\/div><\/div><div class=\"fusion-layout-column fusion_builder_column fusion-builder-column-4 fusion_builder_column_3_5 3_5 fusion-flex-column\" style=\"--awb-padding-left:20px;--awb-bg-size:cover;--awb-width-large:60%;--awb-margin-top-large:0px;--awb-spacing-right-large:3.2%;--awb-margin-bottom-large:20px;--awb-spacing-left-large:3.2%;--awb-width-medium:60%;--awb-order-medium:0;--awb-spacing-right-medium:3.2%;--awb-spacing-left-medium:3.2%;--awb-width-small:100%;--awb-order-small:0;--awb-spacing-right-small:1.92%;--awb-spacing-left-small:1.92%;\" data-scroll-devices=\"small-visibility,medium-visibility,large-visibility\"><div class=\"fusion-column-wrapper fusion-column-has-shadow fusion-flex-justify-content-flex-start fusion-content-layout-column\"><div class=\"fusion-text fusion-text-2\" style=\"--awb-content-alignment:left;--awb-font-size:16px;--awb-text-color:#000000;\"><p><strong><u>Episode 112: Voices from the FLOW Project<\/u><br \/><\/strong><\/p>\n<p><strong>Duration: 00:38:04<\/strong><\/p>\n<p><strong>Guests<\/strong>:<\/p>\n<p>Alison Blay-Palmer, <a href=\"https:\/\/www.flowpartnership.org\/\">FLOW Partnership<\/a><br \/>Nicole Claasen, <a href=\"https:\/\/www.giz.de\/en\/html\/index.html\">GIZ<\/a>, Germany<br \/>Kevin Morgan, <a href=\"https:\/\/www.cardiff.ac.uk\/\">Cardiff University<\/a>, Wales<br \/>Anne-Marie Aubert, <a href=\"https:\/\/www.montrealmetropoleensante.ca\/a-propos\/sam\/\">Conseil du syst\u00e8me alimentaire montr\u00e9alais<\/a>, Qu\u00e9bec<br \/>Laura G\u00f3mez Tovar, <a href=\"https:\/\/chapingo.mx\/\">Universidad Aut\u00f3noma Chapingo<\/a>, Mexico<br \/>Samuel Gudu, <a href=\"https:\/\/www.rongovarsity.ac.ke\/\">Rongo University<\/a>, Kenya<br \/>Chatura Pulasinghage, <a href=\"https:\/\/www.wlu.ca\/\">Wilfrid Laurier University<\/a>, Ontario\/Sri Lanka<br \/>Lillith Brook, <a href=\"https:\/\/www.gov.nt.ca\/\">Government of Northwest Territories<\/a><br \/>Elodie Valette, <a href=\"https:\/\/www.urbalfood.org\/\">URBAL<\/a>\/<a href=\"https:\/\/www.cirad.fr\/en\">CIRAD<\/a>, France<br \/>Rachel Carey, <a href=\"https:\/\/www.unimelb.edu.au\/\">University of Melbourne<\/a>, Australia<br \/>Victor Martinez, <a href=\"https:\/\/www.kpu.ca\/\">Kwantlen Polytechnic University<\/a>, British Columbia<\/p>\n<p>The FLOW Partnership is funded in part by the Social Sciences and Humanities Research Council of Canada.<\/p>\n<p>Host\/Producer: David Szanto<br \/>Music: Story Mode<br \/>@makingamealpodcast<br \/><a href=\"http:\/\/makingamealofit.com\">makingamealofit.com<\/a><\/p>\n<\/div><\/div><\/div><div class=\"fusion-layout-column fusion_builder_column fusion-builder-column-5 fusion_builder_column_2_5 2_5 fusion-flex-column\" style=\"--awb-bg-size:cover;--awb-width-large:40%;--awb-margin-top-large:0px;--awb-spacing-right-large:8.4%;--awb-margin-bottom-large:20px;--awb-spacing-left-large:4.8%;--awb-width-medium:40%;--awb-order-medium:0;--awb-spacing-right-medium:8.4%;--awb-spacing-left-medium:4.8%;--awb-width-small:100%;--awb-order-small:0;--awb-spacing-right-small:1.92%;--awb-spacing-left-small:1.92%;\"><div class=\"fusion-column-wrapper fusion-column-has-shadow fusion-flex-justify-content-flex-start fusion-content-layout-column\"><div class=\"fusion-title title fusion-title-3 fusion-sep-none fusion-title-text fusion-title-size-five\" style=\"--awb-margin-top-small:10px;--awb-margin-right-small:0px;--awb-margin-bottom-small:10px;--awb-margin-left-small:0px;\"><h5 class=\"fusion-title-heading title-heading-left\" style=\"margin:0;\">segments<\/h5><\/div><div class=\"fusion-text fusion-text-3\" style=\"--awb-font-size:14px;--awb-text-color:#8c5b39;--awb-text-font-family:var(--awb-typography3-font-family);--awb-text-font-weight:var(--awb-typography3-font-weight);--awb-text-font-style:var(--awb-typography3-font-style);\"><p>00:03:02<br \/>Alison Blay-Palmer on the FLOW Partnership<\/p>\n<p>00:06:09<br \/>Nicole Claasen (GIZ, Germany)<\/p>\n<p>00:09:01<br \/>Kevin Morgan (Cardiff University, Wales)<\/p>\n<p>00:11:29<br \/>Anne-Marie Aubert (Conseil du syst\u00e8me alimentaire montr\u00e9alais, Qu\u00e9bec)<\/p>\n<p>00:13:28<br \/>Laura G\u00f3mez Tovar (Universidad Aut\u00f3noma Chapingo, Mexico)<\/p>\n<p>00:15:03<br \/>Samuel Gudu (Rongo University, Kenya)<\/p>\n<p>00:18:07<br \/>Chatura Pulasinghage (Laurier University, Ontario\/Sri Lanka)<\/p>\n<p>00:20:40<br \/>Lillith Brook (Government of Northwest Territories)<\/p>\n<p>00:23:43<br \/>Elodie Valette (URBAL\/CIRAD, France)<\/p>\n<p>00:26:03<br \/>Rachel Carey (University of Melbourne, Australia)<\/p>\n<p>00:30:58<br \/>Victor Martinez (Kwantlen Polytechnic University, British Columbia)<\/p>\n<\/div><div class=\"fusion-social-links fusion-social-links-1\" style=\"--awb-margin-top:20px;--awb-margin-right:0px;--awb-margin-bottom:20px;--awb-margin-left:0px;--awb-box-border-top:1px;--awb-box-border-right:1px;--awb-box-border-bottom:1px;--awb-box-border-left:1px;--awb-icon-colors-hover:#96a845;--awb-box-colors-hover:var(--awb-color1);--awb-box-border-color:var(--awb-color3);--awb-box-border-color-hover:var(--awb-color4);\"><div class=\"fusion-social-networks boxed-icons color-type-custom\"><div class=\"fusion-social-networks-wrapper\"><a class=\"fusion-social-network-icon fusion-tooltip fusion-facebook fa-facebook fab\" style=\"color:#af601f;font-size:30px;width:30px;background-color:var(--awb-color1);border-color:var(--awb-color1);border-radius:4px;\" title=\"Facebook\" aria-label=\"facebook\" target=\"_blank\" rel=\"noopener noreferrer\" href=\"https:\/\/www.facebook.com\/makingamealpodcast\"><\/a><a class=\"fusion-social-network-icon fusion-tooltip fusion-twitter fa-twitter fab\" style=\"color:#af601f;font-size:30px;width:30px;background-color:var(--awb-color1);border-color:var(--awb-color1);border-radius:4px;\" title=\"X\" aria-label=\"twitter\" target=\"_blank\" rel=\"noopener noreferrer\" href=\"https:\/\/twitter.com\/MakingaMealPod\"><\/a><a class=\"fusion-social-network-icon fusion-tooltip fusion-instagram fa-instagram fab\" style=\"color:#af601f;font-size:30px;width:30px;background-color:var(--awb-color1);border-color:var(--awb-color1);border-radius:4px;\" title=\"Instagram\" aria-label=\"instagram\" target=\"_blank\" rel=\"noopener noreferrer\" href=\"https:\/\/www.instagram.com\/makingamealpodcast\/\"><\/a><a class=\"fusion-social-network-icon fusion-tooltip fusion-linkedin fa-linkedin fab\" style=\"color:#af601f;font-size:30px;width:30px;background-color:var(--awb-color1);border-color:var(--awb-color1);border-radius:4px;\" title=\"LinkedIn\" aria-label=\"linkedin\" target=\"_blank\" rel=\"noopener noreferrer\" href=\"https:\/\/www.linkedin.com\/company\/makingamealpodcast\/\"><\/a><\/div><\/div><\/div><div class=\"fusion-text fusion-text-4 fusion-text-no-margin\" style=\"--awb-font-size:16px;--awb-line-height:1;--awb-text-color:#000000;--awb-margin-top:30px;--awb-margin-bottom:-0px;\"><p>listen on your favorite podcast platform via:<\/p>\n<\/div><div class=\"fusion-image-element \" style=\"--awb-margin-top:20px;--awb-max-width:250px;--awb-caption-title-font-family:var(--h2_typography-font-family);--awb-caption-title-font-weight:var(--h2_typography-font-weight);--awb-caption-title-font-style:var(--h2_typography-font-style);--awb-caption-title-size:var(--h2_typography-font-size);--awb-caption-title-transform:var(--h2_typography-text-transform);--awb-caption-title-line-height:var(--h2_typography-line-height);--awb-caption-title-letter-spacing:var(--h2_typography-letter-spacing);\"><span class=\" fusion-imageframe imageframe-none imageframe-2 hover-type-none\"><a class=\"fusion-no-lightbox\" href=\"https:\/\/rss.com\/podcasts\/makingamealofit\/\" target=\"_blank\" aria-label=\"RSScom-512-png-color\" rel=\"noopener noreferrer\"><img data-recalc-dims=\"1\" decoding=\"async\" width=\"1200\" height=\"274\" src=\"https:\/\/i0.wp.com\/www.iceboxstudio.com\/IS\/wp-content\/uploads\/2024\/02\/RSScom-512-png-color.png?resize=1200%2C274&#038;ssl=1\" alt class=\"img-responsive wp-image-915\" srcset=\"https:\/\/i0.wp.com\/www.iceboxstudio.com\/IS\/wp-content\/uploads\/2024\/02\/RSScom-512-png-color.png?resize=200%2C46&amp;ssl=1 200w, https:\/\/i0.wp.com\/www.iceboxstudio.com\/IS\/wp-content\/uploads\/2024\/02\/RSScom-512-png-color.png?resize=300%2C69&amp;ssl=1 300w, https:\/\/i0.wp.com\/www.iceboxstudio.com\/IS\/wp-content\/uploads\/2024\/02\/RSScom-512-png-color.png?resize=400%2C91&amp;ssl=1 400w, https:\/\/i0.wp.com\/www.iceboxstudio.com\/IS\/wp-content\/uploads\/2024\/02\/RSScom-512-png-color.png?resize=600%2C137&amp;ssl=1 600w, https:\/\/i0.wp.com\/www.iceboxstudio.com\/IS\/wp-content\/uploads\/2024\/02\/RSScom-512-png-color.png?resize=768%2C176&amp;ssl=1 768w, https:\/\/i0.wp.com\/www.iceboxstudio.com\/IS\/wp-content\/uploads\/2024\/02\/RSScom-512-png-color.png?resize=800%2C183&amp;ssl=1 800w, https:\/\/i0.wp.com\/www.iceboxstudio.com\/IS\/wp-content\/uploads\/2024\/02\/RSScom-512-png-color.png?resize=1024%2C234&amp;ssl=1 1024w, https:\/\/i0.wp.com\/www.iceboxstudio.com\/IS\/wp-content\/uploads\/2024\/02\/RSScom-512-png-color.png?resize=1200%2C274&amp;ssl=1 1200w, https:\/\/i0.wp.com\/www.iceboxstudio.com\/IS\/wp-content\/uploads\/2024\/02\/RSScom-512-png-color.png?resize=1536%2C351&amp;ssl=1 1536w, https:\/\/i0.wp.com\/www.iceboxstudio.com\/IS\/wp-content\/uploads\/2024\/02\/RSScom-512-png-color.png?w=1679&amp;ssl=1 1679w\" sizes=\"(max-width: 640px) 100vw, 600px\" \/><\/a><\/span><\/div><\/div><\/div><\/div><\/div><\/p>","protected":false},"excerpt":{"rendered":"","protected":false},"author":1,"featured_media":0,"parent":746,"menu_order":0,"comment_status":"closed","ping_status":"closed","template":"100-width.php","meta":{"nf_dc_page":"","jetpack_post_was_ever_published":false,"footnotes":""},"class_list":["post-1111","page","type-page","status-publish","hentry"],"jetpack_sharing_enabled":true,"jetpack_shortlink":"https:\/\/wp.me\/PaSOTq-hV","_links":{"self":[{"href":"https:\/\/www.iceboxstudio.com\/IS\/wp-json\/wp\/v2\/pages\/1111","targetHints":{"allow":["GET"]}}],"collection":[{"href":"https:\/\/www.iceboxstudio.com\/IS\/wp-json\/wp\/v2\/pages"}],"about":[{"href":"https:\/\/www.iceboxstudio.com\/IS\/wp-json\/wp\/v2\/types\/page"}],"author":[{"embeddable":true,"href":"https:\/\/www.iceboxstudio.com\/IS\/wp-json\/wp\/v2\/users\/1"}],"replies":[{"embeddable":true,"href":"https:\/\/www.iceboxstudio.com\/IS\/wp-json\/wp\/v2\/comments?post=1111"}],"version-history":[{"count":5,"href":"https:\/\/www.iceboxstudio.com\/IS\/wp-json\/wp\/v2\/pages\/1111\/revisions"}],"predecessor-version":[{"id":1122,"href":"https:\/\/www.iceboxstudio.com\/IS\/wp-json\/wp\/v2\/pages\/1111\/revisions\/1122"}],"up":[{"embeddable":true,"href":"https:\/\/www.iceboxstudio.com\/IS\/wp-json\/wp\/v2\/pages\/746"}],"wp:attachment":[{"href":"https:\/\/www.iceboxstudio.com\/IS\/wp-json\/wp\/v2\/media?parent=1111"}],"curies":[{"name":"wp","href":"https:\/\/api.w.org\/{rel}","templated":true}]}}